{"id":49,"date":"2017-11-22T15:54:25","date_gmt":"2017-11-22T15:54:25","guid":{"rendered":"http:\/\/wordpress.industrie-leasing.ch\/?page_id=49"},"modified":"2018-01-10T09:34:41","modified_gmt":"2018-01-10T09:34:41","slug":"immobilien-leasing","status":"publish","type":"page","link":"https:\/\/www.industrie-leasing.ch\/index.php\/immobilien-leasing\/","title":{"rendered":"Immobilien-Leasing"},"content":{"rendered":"<h2>\u00a0&#8230; \u00fcber 35 Jahre Erfahrung in<\/h2>\n<ul>\n<li>Logistikbauten<\/li>\n<li>B\u00fcrobauten<\/li>\n<li>Produktionsbauten und -Anlagen<\/li>\n<li>Hotel- und Tourismusobjekte<\/li>\n<li>Verkehrsinfrastruktur<\/li>\n<\/ul>\n<p><img loading=\"lazy\" decoding=\"async\" class=\"alignnone wp-image-237\" src=\"http:\/\/wordpress.industrie-leasing.ch\/wp-content\/uploads\/2018\/01\/Pfungen2-300x78.png\" alt=\"\" width=\"308\" height=\"80\" srcset=\"https:\/\/www.industrie-leasing.ch\/wp-content\/uploads\/2018\/01\/Pfungen2-300x78.png 300w, https:\/\/www.industrie-leasing.ch\/wp-content\/uploads\/2018\/01\/Pfungen2-768x201.png 768w, https:\/\/www.industrie-leasing.ch\/wp-content\/uploads\/2018\/01\/Pfungen2.png 975w\" sizes=\"auto, (max-width: 308px) 100vw, 308px\" \/>\u00a0<img loading=\"lazy\" decoding=\"async\" class=\"alignnone wp-image-238\" src=\"http:\/\/wordpress.industrie-leasing.ch\/wp-content\/uploads\/2018\/01\/Boudry-Totale-300x139.png\" alt=\"\" width=\"173\" height=\"80\" srcset=\"https:\/\/www.industrie-leasing.ch\/wp-content\/uploads\/2018\/01\/Boudry-Totale-300x139.png 300w, https:\/\/www.industrie-leasing.ch\/wp-content\/uploads\/2018\/01\/Boudry-Totale.png 623w\" sizes=\"auto, (max-width: 173px) 100vw, 173px\" \/> <img loading=\"lazy\" decoding=\"async\" class=\"alignnone wp-image-241\" src=\"http:\/\/wordpress.industrie-leasing.ch\/wp-content\/uploads\/2018\/01\/BacksteinWand-e1515423874732-300x223.jpg\" alt=\"\" width=\"107\" height=\"80\" srcset=\"https:\/\/www.industrie-leasing.ch\/wp-content\/uploads\/2018\/01\/BacksteinWand-e1515423874732-300x223.jpg 300w, https:\/\/www.industrie-leasing.ch\/wp-content\/uploads\/2018\/01\/BacksteinWand-e1515423874732.jpg 441w\" sizes=\"auto, (max-width: 107px) 100vw, 107px\" \/><\/p>\n<p>&nbsp;<\/p>\n<h2>Beteiligte und Ablauf Immobilien-Leasing<\/h2>\n<p style=\"text-align: justify;\">Der <em><strong>Leasinggeber<\/strong><\/em> erwirbt im Namen und auf Rechnung des zuk\u00fcnftigen <em><strong>Leasingnehmers<\/strong><\/em> eine Immobilie zum Zweck, diese dem <em><strong>Leasingnehmer<\/strong><\/em> in der Folge zur Nutzung gegen Entgelt zur Nutzung und zum Gebrauch zu \u00fcberlassen, wobei der <strong>Leasingnehmer<\/strong> in der Regel Optionen bei Ende der ersten Leasingdauer erh\u00e4lt (Kaufrecht, Verl\u00e4ngerungsrecht oder R\u00fcckgaberecht).<\/p>\n<p>&nbsp;<\/p>\n<p><a href=\"http:\/\/wordpress.industrie-leasing.ch\/wp-content\/uploads\/2018\/01\/ImmoLeasing-Schema-highres.pdf\">Abbildung Ablauf Immobilienleasing<\/a><\/p>\n<p><a href=\"http:\/\/wordpress.industrie-leasing.ch\/index.php\/vorteile-einer-leasingloesung\/\">Warum Leasing?<\/a><\/p>\n<p><a href=\"http:\/\/wordpress.industrie-leasing.ch\/wp-content\/uploads\/2018\/01\/Modellunterschiede.pdf\">Abbildung Modellunterschiede<\/a><\/p>\n<p>&nbsp;<\/p>\n","protected":false},"excerpt":{"rendered":"<p>\u00a0&#8230; \u00fcber 35 Jahre Erfahrung in Logistikbauten B\u00fcrobauten Produktionsbauten und -Anlagen Hotel- und Tourismusobjekte Verkehrsinfrastruktur \u00a0 &nbsp; Beteiligte und Ablauf Immobilien-Leasing Der Leasinggeber erwirbt im&#8230;<\/p>\n<div class=\"more-link-wrapper\"><a class=\"more-link\" href=\"https:\/\/www.industrie-leasing.ch\/index.php\/immobilien-leasing\/\">Weiterlesen<span class=\"screen-reader-text\">Immobilien-Leasing<\/span><\/a><\/div>\n","protected":false},"author":2,"featured_media":232,"parent":0,"menu_order":6,"comment_status":"closed","ping_status":"closed","template":"","meta":{"_exactmetrics_skip_tracking":false,"_exactmetrics_sitenote_active":false,"_exactmetrics_sitenote_note":"","_exactmetrics_sitenote_category":0,"footnotes":""},"class_list":["post-49","page","type-page","status-publish","has-post-thumbnail","hentry","entry"],"_links":{"self":[{"href":"https:\/\/www.industrie-leasing.ch\/index.php\/wp-json\/wp\/v2\/pages\/49","targetHints":{"allow":["GET"]}}],"collection":[{"href":"https:\/\/www.industrie-leasing.ch\/index.php\/wp-json\/wp\/v2\/pages"}],"about":[{"href":"https:\/\/www.industrie-leasing.ch\/index.php\/wp-json\/wp\/v2\/types\/page"}],"author":[{"embeddable":true,"href":"https:\/\/www.industrie-leasing.ch\/index.php\/wp-json\/wp\/v2\/users\/2"}],"replies":[{"embeddable":true,"href":"https:\/\/www.industrie-leasing.ch\/index.php\/wp-json\/wp\/v2\/comments?post=49"}],"version-history":[{"count":17,"href":"https:\/\/www.industrie-leasing.ch\/index.php\/wp-json\/wp\/v2\/pages\/49\/revisions"}],"predecessor-version":[{"id":295,"href":"https:\/\/www.industrie-leasing.ch\/index.php\/wp-json\/wp\/v2\/pages\/49\/revisions\/295"}],"wp:featuredmedia":[{"embeddable":true,"href":"https:\/\/www.industrie-leasing.ch\/index.php\/wp-json\/wp\/v2\/media\/232"}],"wp:attachment":[{"href":"https:\/\/www.industrie-leasing.ch\/index.php\/wp-json\/wp\/v2\/media?parent=49"}],"curies":[{"name":"wp","href":"https:\/\/api.w.org\/{rel}","templated":true}]}}