{"id":48,"date":"2017-11-22T15:54:24","date_gmt":"2017-11-22T15:54:24","guid":{"rendered":"http:\/\/wordpress.industrie-leasing.ch\/?page_id=48"},"modified":"2018-01-10T09:37:14","modified_gmt":"2018-01-10T09:37:14","slug":"mobilien-leasing","status":"publish","type":"page","link":"https:\/\/www.industrie-leasing.ch\/index.php\/mobilien-leasing\/","title":{"rendered":"Mobilien-Leasing"},"content":{"rendered":"<h2>Beteiligte und Ablauf Mobilien-Leasing<\/h2>\n<p style=\"text-align: justify;\">Der <em><strong>Leasinggeber<\/strong><\/em> erwirbt im Namen und auf Rechnung des zuk\u00fcnftigen <strong><em>Leasingnehmers<\/em><\/strong> von einem Dritten (&#8222;<em><strong>Lieferant<\/strong><\/em>&#8222;) eine Maschine, ein Fahrzeug oder ein sonst geeignetes mobiles Leasingobjekt zum Zweck, dieses dem Leasingnehmer in der Folge zur Nutzung gegen Entgelt zur Nutzung und zum Gebrauch zu \u00fcberlassen, wobei der Leasingnehmer in der Regel Optionen bei Ende der ersten Leasingdauer erh\u00e4lt (Kaufrecht, Verl\u00e4ngerungsrecht oder R\u00fcckgaberecht). Je nach Gestaltung des Leasingvertrages und insbesondere des Vertragendes handelt es sich um einen &#8222;Financial Lease&#8220; oder &#8222;Operate Lease&#8220;.<\/p>\n<p>&nbsp;<\/p>\n<p><a href=\"http:\/\/wordpress.industrie-leasing.ch\/index.php\/vorteile-einer-leasingloesung\/\">Warum Leasing?<\/a><\/p>\n<p><a href=\"http:\/\/wordpress.industrie-leasing.ch\/index.php\/kontakt\/\">Offerte gew\u00fcnscht?<\/a><\/p>\n<p>&nbsp;<\/p>\n","protected":false},"excerpt":{"rendered":"<p>Beteiligte und Ablauf Mobilien-Leasing Der Leasinggeber erwirbt im Namen und auf Rechnung des zuk\u00fcnftigen Leasingnehmers von einem Dritten (&#8222;Lieferant&#8222;) eine Maschine, ein Fahrzeug oder ein&#8230;<\/p>\n<div class=\"more-link-wrapper\"><a class=\"more-link\" href=\"https:\/\/www.industrie-leasing.ch\/index.php\/mobilien-leasing\/\">Weiterlesen<span class=\"screen-reader-text\">Mobilien-Leasing<\/span><\/a><\/div>\n","protected":false},"author":2,"featured_media":264,"parent":0,"menu_order":20,"comment_status":"closed","ping_status":"closed","template":"","meta":{"_exactmetrics_skip_tracking":false,"_exactmetrics_sitenote_active":false,"_exactmetrics_sitenote_note":"","_exactmetrics_sitenote_category":0,"footnotes":""},"class_list":["post-48","page","type-page","status-publish","has-post-thumbnail","hentry","entry"],"_links":{"self":[{"href":"https:\/\/www.industrie-leasing.ch\/index.php\/wp-json\/wp\/v2\/pages\/48","targetHints":{"allow":["GET"]}}],"collection":[{"href":"https:\/\/www.industrie-leasing.ch\/index.php\/wp-json\/wp\/v2\/pages"}],"about":[{"href":"https:\/\/www.industrie-leasing.ch\/index.php\/wp-json\/wp\/v2\/types\/page"}],"author":[{"embeddable":true,"href":"https:\/\/www.industrie-leasing.ch\/index.php\/wp-json\/wp\/v2\/users\/2"}],"replies":[{"embeddable":true,"href":"https:\/\/www.industrie-leasing.ch\/index.php\/wp-json\/wp\/v2\/comments?post=48"}],"version-history":[{"count":8,"href":"https:\/\/www.industrie-leasing.ch\/index.php\/wp-json\/wp\/v2\/pages\/48\/revisions"}],"predecessor-version":[{"id":297,"href":"https:\/\/www.industrie-leasing.ch\/index.php\/wp-json\/wp\/v2\/pages\/48\/revisions\/297"}],"wp:featuredmedia":[{"embeddable":true,"href":"https:\/\/www.industrie-leasing.ch\/index.php\/wp-json\/wp\/v2\/media\/264"}],"wp:attachment":[{"href":"https:\/\/www.industrie-leasing.ch\/index.php\/wp-json\/wp\/v2\/media?parent=48"}],"curies":[{"name":"wp","href":"https:\/\/api.w.org\/{rel}","templated":true}]}}