{"id":227,"date":"2018-01-08T14:21:25","date_gmt":"2018-01-08T14:21:25","guid":{"rendered":"http:\/\/wordpress.industrie-leasing.ch\/?page_id=227"},"modified":"2018-01-08T14:21:25","modified_gmt":"2018-01-08T14:21:25","slug":"unsere-leistungen","status":"publish","type":"page","link":"https:\/\/www.industrie-leasing.ch\/index.php\/unsere-leistungen\/","title":{"rendered":"Unsere Leistungen"},"content":{"rendered":"<h2>Das d\u00fcrfen Sie von uns erwarten:<\/h2>\n<ul>\n<li>Detaillierte Analyse Ihrer Bed\u00fcrfnisse<\/li>\n<li>Kompetente Beratung<\/li>\n<li>Individualisierte Finanzierungs- und Leasingl\u00f6sungen &#8222;nach Mass&#8220;<\/li>\n<li>Mobilien-Leasing<\/li>\n<li>Immobilien-Leasing<\/li>\n<li>Finanzierung-Leasing<\/li>\n<li>Operate-Leasing<\/li>\n<li>Investorenl\u00f6sungen<\/li>\n<\/ul>\n","protected":false},"excerpt":{"rendered":"<p>Das d\u00fcrfen Sie von uns erwarten: Detaillierte Analyse Ihrer Bed\u00fcrfnisse Kompetente Beratung Individualisierte Finanzierungs- und Leasingl\u00f6sungen &#8222;nach Mass&#8220; Mobilien-Leasing Immobilien-Leasing Finanzierung-Leasing Operate-Leasing Investorenl\u00f6sungen<\/p>\n","protected":false},"author":2,"featured_media":0,"parent":0,"menu_order":3,"comment_status":"closed","ping_status":"closed","template":"","meta":{"_exactmetrics_skip_tracking":false,"_exactmetrics_sitenote_active":false,"_exactmetrics_sitenote_note":"","_exactmetrics_sitenote_category":0,"footnotes":""},"class_list":["post-227","page","type-page","status-publish","hentry","entry"],"_links":{"self":[{"href":"https:\/\/www.industrie-leasing.ch\/index.php\/wp-json\/wp\/v2\/pages\/227","targetHints":{"allow":["GET"]}}],"collection":[{"href":"https:\/\/www.industrie-leasing.ch\/index.php\/wp-json\/wp\/v2\/pages"}],"about":[{"href":"https:\/\/www.industrie-leasing.ch\/index.php\/wp-json\/wp\/v2\/types\/page"}],"author":[{"embeddable":true,"href":"https:\/\/www.industrie-leasing.ch\/index.php\/wp-json\/wp\/v2\/users\/2"}],"replies":[{"embeddable":true,"href":"https:\/\/www.industrie-leasing.ch\/index.php\/wp-json\/wp\/v2\/comments?post=227"}],"version-history":[{"count":1,"href":"https:\/\/www.industrie-leasing.ch\/index.php\/wp-json\/wp\/v2\/pages\/227\/revisions"}],"predecessor-version":[{"id":228,"href":"https:\/\/www.industrie-leasing.ch\/index.php\/wp-json\/wp\/v2\/pages\/227\/revisions\/228"}],"wp:attachment":[{"href":"https:\/\/www.industrie-leasing.ch\/index.php\/wp-json\/wp\/v2\/media?parent=227"}],"curies":[{"name":"wp","href":"https:\/\/api.w.org\/{rel}","templated":true}]}}