{"id":14,"date":"2017-10-26T13:31:04","date_gmt":"2017-10-26T13:31:04","guid":{"rendered":"http:\/\/wordpress.industrie-leasing.ch\/?page_id=14"},"modified":"2026-03-02T14:58:48","modified_gmt":"2026-03-02T14:58:48","slug":"news","status":"publish","type":"page","link":"https:\/\/www.industrie-leasing.ch\/index.php\/news\/","title":{"rendered":"News"},"content":{"rendered":"\n<h2 class=\"wp-block-heading\"><\/h2>\n\n\n\n<ul class=\"wp-block-list\">\n<li><strong>NEUES MANDAT &#8211; Investor f\u00fcr &#8222;Brot- und Buttergesch\u00e4ft&#8220;<\/strong><br><img decoding=\"async\" class=\"wp-image-631\" style=\"width: NaNpx;\" src=\"https:\/\/www.industrie-leasing.ch\/wp-content\/uploads\/2026\/03\/Titelfoto-quer.pdf\" alt=\"\"><br>Expansionsfinanzierung &#8211; Freisetzung gebundener Eigenmittel<br>in Sils i.E. &#8211; F\u00fcr Sale-and-rent-back Transaktion ist ein Investor gesucht:<br>Invest CHF 2.2 Mio. exkl. MWST. Bruttorendite &#8222;triple net&#8220; 5.21% p.a.<br>KEINE Lex Koller-Beschr\u00e4nkung, da gewerbliche Nutzung<br>Florierendes Caf\u00e9- und Konditorei-Lokal (im Stockwerkeigentum) an <br>bester Lage mit langj\u00e4hrigem Mietvertrag zu verkaufen. <br>Umsatz ca. CHF 1,7 Mio. p.a.<br>Weitere Informationen gerne mittels eMail-Anfrage<br> <a href=\"https:\/\/www.industrie-leasing.ch\/index.php\/kontakt\/\">hier!!<\/a><br><\/li>\n<\/ul>\n\n\n\n<h2 class=\"wp-block-heading\"><\/h2>\n\n\n\n<ul class=\"wp-block-list\">\n<li><strong style=\"font-size: inherit;\">Zu verkaufen &#8211; Sale-and-rent-back-Transaction!<br> <\/strong><span style=\"font-size: inherit;\">Gewerbeobjekt im Kanton Tessin:&nbsp; Gewerbehaus (B\u00fcro, Produktion und -Lager) \/ CHF 4 Mio.  (vollvermietet)<\/span><br><br><br><\/li>\n\n\n\n<li><strong>&#8222;Paradise of Tunisia&#8220; (Exklusivmandat vom Schweizer Eigent\u00fcmer)<\/strong><br><img loading=\"lazy\" decoding=\"async\" width=\"600\" height=\"400\" class=\"size-medium wp-image-449 aligncenter\" style=\"width: 600px;\" src=\"https:\/\/www.industrie-leasing.ch\/wp-content\/uploads\/2020\/03\/Bildschirmfoto-2020-03-03-um-15.44.44-300x200.png\" alt=\"\" srcset=\"https:\/\/www.industrie-leasing.ch\/wp-content\/uploads\/2020\/03\/Bildschirmfoto-2020-03-03-um-15.44.44-300x200.png 300w, https:\/\/www.industrie-leasing.ch\/wp-content\/uploads\/2020\/03\/Bildschirmfoto-2020-03-03-um-15.44.44-1024x684.png 1024w, https:\/\/www.industrie-leasing.ch\/wp-content\/uploads\/2020\/03\/Bildschirmfoto-2020-03-03-um-15.44.44-768x513.png 768w, https:\/\/www.industrie-leasing.ch\/wp-content\/uploads\/2020\/03\/Bildschirmfoto-2020-03-03-um-15.44.44-1536x1025.png 1536w, https:\/\/www.industrie-leasing.ch\/wp-content\/uploads\/2020\/03\/Bildschirmfoto-2020-03-03-um-15.44.44-2048x1367.png 2048w\" sizes=\"auto, (max-width: 600px) 100vw, 600px\" \/>&nbsp; &nbsp; 80&#8217;000 m2, 2 Villen, 4 H\u00e4user, Oliven, traumhafte Aussichten!&nbsp;Preis auf Anfrage <a href=\"https:\/\/www.industrie-leasing.ch\/index.php\/kontakt\/\">hier!<\/a> <\/li>\n<\/ul>\n\n\n\n<ul class=\"wp-block-list\">\n<li><strong>Zu verkaufen in &#8222;Bella Italia&#8220; (Toscana)<\/strong><br>Wundersch\u00f6ne Objekte &#8222;sulle Crete senesi&#8220; zu verkaufen (Projekte zur Renovation durch \u00f6rtlichen 1A-Architekt vorhanden!) ab EUR 500&#8217;000.-. Weitere Informationen gerne auf Anfrage <a href=\"https:\/\/www.industrie-leasing.ch\/index.php\/kontakt\/\">hier!<\/a>                        <br>     <br>  <\/li>\n<\/ul>\n\n\n<div class=\"wp-block-image\">\n<figure class=\"aligncenter size-large is-resized\"><img loading=\"lazy\" decoding=\"async\" width=\"1024\" height=\"565\" src=\"https:\/\/www.industrie-leasing.ch\/wp-content\/uploads\/2021\/05\/Bildschirmfoto-2021-05-05-um-17.05.35-1024x565.png\" alt=\"Medane IT\" class=\"wp-image-555\" style=\"width:414px;height:228px\" srcset=\"https:\/\/www.industrie-leasing.ch\/wp-content\/uploads\/2021\/05\/Bildschirmfoto-2021-05-05-um-17.05.35-1024x565.png 1024w, https:\/\/www.industrie-leasing.ch\/wp-content\/uploads\/2021\/05\/Bildschirmfoto-2021-05-05-um-17.05.35-300x165.png 300w, https:\/\/www.industrie-leasing.ch\/wp-content\/uploads\/2021\/05\/Bildschirmfoto-2021-05-05-um-17.05.35-768x423.png 768w, https:\/\/www.industrie-leasing.ch\/wp-content\/uploads\/2021\/05\/Bildschirmfoto-2021-05-05-um-17.05.35-1536x847.png 1536w, https:\/\/www.industrie-leasing.ch\/wp-content\/uploads\/2021\/05\/Bildschirmfoto-2021-05-05-um-17.05.35-2048x1129.png 2048w\" sizes=\"auto, (max-width: 1024px) 100vw, 1024px\" \/><\/figure>\n<\/div>\n\n\n<ul class=\"wp-block-list\">\n<li><strong>Erfolgreicher Abschluss eines Exklusiv-Mandates:<\/strong><br>\nGewerbeobjekt in R\u00fcmlang im Anschluss an KMU-Nachfolgeregelung mit einer &#8222;Sale-and-rent-back&#8220;-Transaktion erfolgreich verkauft. Aufgrund des internationalen Hintergrundes der \u00dcbernehmerin des KMU f\u00fchrte das richtige Konzept zu einem schnellen Abschluss.<\/li>\n<\/ul>\n\n\n\n<ul class=\"wp-block-list\">\n<li><strong>Erfolgreicher Abschluss eines Exklusiv-Mandates:<\/strong>&nbsp;Verkauf einer Industrie-Liegenschaft bei M\u00fcnchen D. Wir durften f\u00fcr einen Europa weit t\u00e4tigen Konzern (Verpackungsindustrie) eine nicht mehr betriebsnotwendige Industrie-Liegenschaft im Wert von ca. EUR 10 Mio. verkaufen. Wir durften bereits fr\u00fcher f\u00fcr dieses Unternehmen t\u00e4tig sein und das dabei entstandene Vertrauensverh\u00e4ltnis war entscheidend f\u00fcr eine erneute Beauftragung.<\/li>\n<\/ul>\n\n\n\n<ul class=\"wp-block-list\">\n<li><strong>Erfolgreicher Abschluss eines Exklusiv-Mandates:<\/strong> Gewerbehaus Z\u00dcRICH PARK SIDE in W\u00e4denswil (Spatenstich 6.2.2019 erfolgt): Wir durften in Zusammenarbeit mit der Hans Ritschard Architekten AG\/Maxima Invest AG eine Transaktion Projektentwicklung\/Landerwerb mit &#8222;Vermietung ab Plan mit anschliessendem Bau&#8220; und &#8222;Verkauf auf Fertigstellung&#8220; strukturieren und platzieren.<br> <img loading=\"lazy\" decoding=\"async\" width=\"297\" height=\"198\" class=\"wp-image-416 aligncenter\" src=\"https:\/\/www.industrie-leasing.ch\/wp-content\/uploads\/2018\/10\/Werkstatt_Zuerichsee3_BE-300x200.jpg\" alt=\"\" srcset=\"https:\/\/www.industrie-leasing.ch\/wp-content\/uploads\/2018\/10\/Werkstatt_Zuerichsee3_BE-300x200.jpg 300w, https:\/\/www.industrie-leasing.ch\/wp-content\/uploads\/2018\/10\/Werkstatt_Zuerichsee3_BE-768x513.jpg 768w, https:\/\/www.industrie-leasing.ch\/wp-content\/uploads\/2018\/10\/Werkstatt_Zuerichsee3_BE-1024x684.jpg 1024w\" sizes=\"auto, (max-width: 297px) 100vw, 297px\" \/><\/li>\n<\/ul>\n\n\n\n<h2 class=\"wp-block-heading\"><\/h2>\n\n\n\n<pre class=\"wp-block-preformatted\"><\/pre>\n\n\n\n<h2 class=\"wp-block-heading\">WEITERE NEWS<\/h2>\n\n\n\n<ul class=\"wp-block-list\"><li><strong>NEUE Spezialaktion<\/strong> <strong>KMU-Leasing !!!! \u00a0Attraktive und erprobte Leasingl\u00f6sungen f\u00fcr<\/strong> <div class=\"layoutArea\"> <div class=\"column\"><\/div><ul><li><div class=\"layoutArea\"><div class=\"column\">PW (gewerblich), LW<\/div><\/div><\/li><li><div class=\"layoutArea\"><div class=\"column\">Maschinen u. Industrieanlagen<\/div><\/div><\/li><li><div class=\"layoutArea\"><div class=\"column\">Medizin- und Gesundheitstechnik<\/div><\/div><\/li><li><div class=\"layoutArea\"><div class=\"column\">Flugzeuge, Helikopter, Bahnen, Schiffe: Lernen Sie uns und unsere vielf\u00e4ltigen Leasingl\u00f6sungen kennen!<br> <\/div><\/div> <mark style=\"background-color:rgba(0, 0, 0, 0)\" class=\"has-inline-color has-white-color\">x<\/mark><\/li><\/ul><\/li><li><strong>Immobilien-Leasing und &#8222;Sale-and-rent-back&#8220; oder &#8222;Sale-and-lease-back&#8220;<\/strong> wird weiter an Bedeutung gewinnen! Warum? Die Banken hinterfragen zunehmend die Bewertung von gewerblich genutzten Immobilien. Und dann werden die Beleihungen tendenziell reduziert! Beugen Sie vor und nehmen Sie mit uns Kontakt auf, je eher je besser! Weitere\u00a0Informationen hier: <a href=\"http:\/\/wordpress.industrie-leasing.ch\/index.php\/vorteile-einer-leasingloesung\/\">Wirkung<\/a>\u00a0und <a href=\"http:\/\/wordpress.industrie-leasing.ch\/wp-content\/uploads\/2018\/01\/Beispiele-Betriebsimmobilien.pdf\">Beispiele Betriebsimmobilien<\/a><br><mark style=\"background-color:rgba(0, 0, 0, 0)\" class=\"has-inline-color has-white-color\"> x<\/mark><\/li><li><strong>Nur f\u00fcr Investoren bzw. qualifizierte Anleger<\/strong> verf\u00fcgen wir laufend \u00fcber folgende interessante Beteiligungsangebote aus dem Kreise unserer Kunden:\u00a0<strong>Immobilien-Investitionsm\u00f6glichkeiten Schweiz: <strong>ab CHF 2 Mio. und 4% p.a. <a href=\"http:\/\/wordpress.industrie-leasing.ch\/index.php\/kontakt\">Kontakt hier<\/a><\/strong><\/strong><br><mark style=\"background-color:rgba(0, 0, 0, 0)\" class=\"has-inline-color has-white-color\"> x<\/mark><\/li><li><strong>Aktueller <a href=\"http:\/\/wordpress.industrie-leasing.ch\/index.php\/oilprice\/\">Oelpreis<\/a><\/strong> (Auch Energiekosten interessieren unsere Immobilien-Kunden!)<\/li><\/ul>\n","protected":false},"excerpt":{"rendered":"<p>WEITERE NEWS NEUE Spezialaktion KMU-Leasing !!!! \u00a0Attraktive und erprobte Leasingl\u00f6sungen f\u00fcr PW (gewerblich), LW Maschinen u. Industrieanlagen Medizin- und Gesundheitstechnik Flugzeuge, Helikopter, Bahnen, Schiffe: Lernen&#8230;<\/p>\n<div class=\"more-link-wrapper\"><a class=\"more-link\" href=\"https:\/\/www.industrie-leasing.ch\/index.php\/news\/\">Weiterlesen<span class=\"screen-reader-text\">News<\/span><\/a><\/div>\n","protected":false},"author":2,"featured_media":0,"parent":0,"menu_order":4,"comment_status":"closed","ping_status":"closed","template":"","meta":{"_exactmetrics_skip_tracking":false,"_exactmetrics_sitenote_active":false,"_exactmetrics_sitenote_note":"","_exactmetrics_sitenote_category":0,"footnotes":""},"class_list":["post-14","page","type-page","status-publish","hentry","entry"],"_links":{"self":[{"href":"https:\/\/www.industrie-leasing.ch\/index.php\/wp-json\/wp\/v2\/pages\/14","targetHints":{"allow":["GET"]}}],"collection":[{"href":"https:\/\/www.industrie-leasing.ch\/index.php\/wp-json\/wp\/v2\/pages"}],"about":[{"href":"https:\/\/www.industrie-leasing.ch\/index.php\/wp-json\/wp\/v2\/types\/page"}],"author":[{"embeddable":true,"href":"https:\/\/www.industrie-leasing.ch\/index.php\/wp-json\/wp\/v2\/users\/2"}],"replies":[{"embeddable":true,"href":"https:\/\/www.industrie-leasing.ch\/index.php\/wp-json\/wp\/v2\/comments?post=14"}],"version-history":[{"count":122,"href":"https:\/\/www.industrie-leasing.ch\/index.php\/wp-json\/wp\/v2\/pages\/14\/revisions"}],"predecessor-version":[{"id":632,"href":"https:\/\/www.industrie-leasing.ch\/index.php\/wp-json\/wp\/v2\/pages\/14\/revisions\/632"}],"wp:attachment":[{"href":"https:\/\/www.industrie-leasing.ch\/index.php\/wp-json\/wp\/v2\/media?parent=14"}],"curies":[{"name":"wp","href":"https:\/\/api.w.org\/{rel}","templated":true}]}}