{"id":131,"date":"2018-01-04T14:44:49","date_gmt":"2018-01-04T14:44:49","guid":{"rendered":"http:\/\/wordpress.industrie-leasing.ch\/?page_id=131"},"modified":"2018-01-10T09:33:10","modified_gmt":"2018-01-10T09:33:10","slug":"vorteile-einer-leasingloesung","status":"publish","type":"page","link":"https:\/\/www.industrie-leasing.ch\/index.php\/vorteile-einer-leasingloesung\/","title":{"rendered":"Vorteile einer Leasingl\u00f6sung"},"content":{"rendered":"<h2>&#8230; je nach Ausgangslage und Zielsetzung geniessen Leasingnehmer die folgenden Vorteile:<\/h2>\n<ul>\n<li style=\"text-align: justify;\">Aussenfinanzierung im Gegensatz zur Finanzierung aus Eigenmitteln (z.B. Kapitalerh\u00f6hung mit m\u00f6glichen Ver\u00e4nderungen im Beteiligungsverh\u00e4ltnis) und\/oder Kreditfinanzierung (mit Verschlechterung der Eigenkapitalquote)<\/li>\n<li style=\"text-align: justify;\">Schonung von wertvollen Eigenmitteln (\u201egr\u00f6ssere unternehmerische Freiheit\u201c)<\/li>\n<li style=\"text-align: justify;\">Je nach Modell: Freie Wahl von Grundst\u00fccksverk\u00e4ufer, Total- oder anderer Bauunternehmer (\u201eLieferanten\u201c), grosse Flexibilit\u00e4t in der Nutzung des Leasingobjektes<\/li>\n<li style=\"text-align: justify;\">Gute Planbarkeit und grosse Kostensicherheit (je nach Refinanzierungsvariante) f\u00fcr die ganze Leasingdauer<\/li>\n<li style=\"text-align: justify;\">Leasing bedingt eine strategische Beurteilung der Bed\u00fcrfnisse des Leasingnehmers, was zu besseren Unternehmerentscheiden f\u00fchrt (vor allem bei KMU)<\/li>\n<li style=\"text-align: justify;\">Leasingraten sind in der Regel zu 100% steuerlich anerkannter Betriebsaufwand<\/li>\n<\/ul>\n<h2>Kurz gesagt erhalten Sie mit einer Finanzierungsl\u00f6sung von uns&#8230;<\/h2>\n<ul>\n<li>Eine fach- und sachgerechte Finanzierung von betrieblichen Aktiven<\/li>\n<li>einen strategisch optimierten Liquidit\u00e4tseinsatz<\/li>\n<li>eine Verbesserung der Bilanzkennzahlen (je nach Rechnungslegungsstandard)<\/li>\n<li>einen Topservice in der Beschaffung von Mobilien und\/oder bei der Standortevaluation und in der Bauerstellung \u00a0(Immobilien) sowie in der jeweiligen vertraglichen Umsetzung<\/li>\n<li>eine bequeme Abwicklung<\/li>\n<li>eine Erweiterung des Kreises Ihrer Finanzierungspartner<\/li>\n<li>eine innovative Unternehmensfinanzierung<\/li>\n<\/ul>\n","protected":false},"excerpt":{"rendered":"<p>&#8230; je nach Ausgangslage und Zielsetzung geniessen Leasingnehmer die folgenden Vorteile: Aussenfinanzierung im Gegensatz zur Finanzierung aus Eigenmitteln (z.B. Kapitalerh\u00f6hung mit m\u00f6glichen Ver\u00e4nderungen im Beteiligungsverh\u00e4ltnis)&#8230;<\/p>\n<div class=\"more-link-wrapper\"><a class=\"more-link\" href=\"https:\/\/www.industrie-leasing.ch\/index.php\/vorteile-einer-leasingloesung\/\">Weiterlesen<span class=\"screen-reader-text\">Vorteile einer Leasingl\u00f6sung<\/span><\/a><\/div>\n","protected":false},"author":2,"featured_media":0,"parent":0,"menu_order":20,"comment_status":"closed","ping_status":"closed","template":"","meta":{"_exactmetrics_skip_tracking":false,"_exactmetrics_sitenote_active":false,"_exactmetrics_sitenote_note":"","_exactmetrics_sitenote_category":0,"footnotes":""},"class_list":["post-131","page","type-page","status-publish","hentry","entry"],"_links":{"self":[{"href":"https:\/\/www.industrie-leasing.ch\/index.php\/wp-json\/wp\/v2\/pages\/131","targetHints":{"allow":["GET"]}}],"collection":[{"href":"https:\/\/www.industrie-leasing.ch\/index.php\/wp-json\/wp\/v2\/pages"}],"about":[{"href":"https:\/\/www.industrie-leasing.ch\/index.php\/wp-json\/wp\/v2\/types\/page"}],"author":[{"embeddable":true,"href":"https:\/\/www.industrie-leasing.ch\/index.php\/wp-json\/wp\/v2\/users\/2"}],"replies":[{"embeddable":true,"href":"https:\/\/www.industrie-leasing.ch\/index.php\/wp-json\/wp\/v2\/comments?post=131"}],"version-history":[{"count":7,"href":"https:\/\/www.industrie-leasing.ch\/index.php\/wp-json\/wp\/v2\/pages\/131\/revisions"}],"predecessor-version":[{"id":294,"href":"https:\/\/www.industrie-leasing.ch\/index.php\/wp-json\/wp\/v2\/pages\/131\/revisions\/294"}],"wp:attachment":[{"href":"https:\/\/www.industrie-leasing.ch\/index.php\/wp-json\/wp\/v2\/media?parent=131"}],"curies":[{"name":"wp","href":"https:\/\/api.w.org\/{rel}","templated":true}]}}